{"id":37,"date":"2024-10-09T18:13:13","date_gmt":"2024-10-09T16:13:13","guid":{"rendered":"http:\/\/tendancenatura.fr\/?page_id=37"},"modified":"2024-10-09T18:13:13","modified_gmt":"2024-10-09T16:13:13","slug":"shiatsu","status":"publish","type":"page","link":"http:\/\/tendancenatura.fr\/?page_id=37","title":{"rendered":"Shiatsu"},"content":{"rendered":"<div id=\"dslc-theme-content\"><div id=\"dslc-theme-content-inner\"><div id=\"dslc-content\" class=\"dslc-content dslc-clearfix\">\n<div id=\"dslc-main\">\n<div  class=\"dslc-modules-section \" style=\"padding-bottom:0px;padding-top:0px;\" data-section-id=\"2d95c882e51\">\n<div class=\"dslc-modules-section-wrapper dslc-clearfix\">\n<style type=\"text\/css\" id=\"dslca-modules-area-\"><\/style>\n<div  class=\"dslc-modules-area dslc-col dslc-12-col dslc-last-col dslc-valign- \" data-size=\"12\" data-valign=\"\" data-modules-area-id=\"\" >\n<div id=\"dslc-module-25120cc7055\" class=\"dslc-module-front dslc-module-DSLC_Text_Simple dslc-in-viewport-check dslc-in-viewport-anim-none  dslc-col dslc-12-col dslc-last-col  dslc-module-handle-like-regular \" data-module-id=\"25120cc7055\" data-module=\"DSLC_Text_Simple\" data-dslc-module-size=\"12\" data-dslc-anim=\"none\" data-dslc-anim-delay=\"\" data-dslc-anim-duration=\"650\"  data-dslc-anim-easing=\"ease\" data-dslc-preset=\"none\" >\n<div class=\"dslc-text-module-content\">\n<h2>Le massage Shiatsu du cuir chevelu<\/h2>\n<\/p><\/div>\n<\/p><\/div>\n<p><!-- .dslc-module -->\n\t\t<\/div>\n<\/div>\n<\/div>\n<div  class=\"dslc-modules-section \" style=\"padding-bottom:0px;padding-top:0px;\" data-section-id=\"f6ddd06bd82\">\n<div class=\"dslc-modules-section-wrapper dslc-clearfix\">\n<style type=\"text\/css\" id=\"dslca-modules-area-\"><\/style>\n<div  class=\"dslc-modules-area dslc-col dslc-12-col dslc-last-col dslc-valign- \" data-size=\"12\" data-valign=\"\" data-modules-area-id=\"\" >\n<div id=\"dslc-module-64006e02203\" class=\"dslc-module-front dslc-module-DSLC_Image dslc-in-viewport-check dslc-in-viewport-anim-none  dslc-col dslc-12-col dslc-last-col  dslc-module-handle-like-regular \" data-module-id=\"64006e02203\" data-module=\"DSLC_Image\" data-dslc-module-size=\"12\" data-dslc-anim=\"none\" data-dslc-anim-delay=\"\" data-dslc-anim-duration=\"650\"  data-dslc-anim-easing=\"ease\" data-dslc-preset=\"none\" >\n<div class=\"dslc-image-container\">\n<div class=\"dslc-image\">\n<p>\t\t\t\t\t\t\t\t\t<img decoding=\"async\" src=\"http:\/\/tendancenatura.fr\/wp-content\/uploads\/2024\/10\/points_acu_visage2-250x300-1.webp\" alt=\"\" title=\"\"   \/><\/p><\/div>\n<p><!-- .dslc-image -->\n\t\t<\/div>\n<\/p><\/div>\n<p><!-- .dslc-module -->\n\t\t<\/div>\n<\/div>\n<\/div>\n<div  class=\"dslc-modules-section \" style=\"padding-bottom:0px;padding-top:0px;\" data-section-id=\"13a716e8d04\">\n<div class=\"dslc-modules-section-wrapper dslc-clearfix\">\n<style type=\"text\/css\" id=\"dslca-modules-area-\"><\/style>\n<div  class=\"dslc-modules-area dslc-col dslc-12-col dslc-last-col dslc-valign- \" data-size=\"12\" data-valign=\"\" data-modules-area-id=\"\" >\n<div id=\"dslc-module-2141d58c594\" class=\"dslc-module-front dslc-module-DSLC_Text_Simple dslc-in-viewport-check dslc-in-viewport-anim-none  dslc-col dslc-12-col dslc-last-col  dslc-module-handle-like-regular \" data-module-id=\"2141d58c594\" data-module=\"DSLC_Text_Simple\" data-dslc-module-size=\"12\" data-dslc-anim=\"none\" data-dslc-anim-delay=\"\" data-dslc-anim-duration=\"650\"  data-dslc-anim-easing=\"ease\" data-dslc-preset=\"none\" >\n<div class=\"dslc-text-module-content\">\n<p style=\"text-align: left;\"><em>Profitez de votre visite pour demander un soin relaxant du cuir chevelu \u00e0 base d'huiles essentielles<\/em><\/p>\n<p style=\"text-align: left;\">\u00a0 \u00a0 \u00a0 \u00a0Savez vous que le massage capillaire Shiatsu est, avant tout, reconnu pour ses qualit\u00e9s apaisantes ? Il permet d\u2019\u00e9vacuer le stress et peut, dans certains cas, favoriser l\u2019endormissement, tout en stimulant la circulation sanguine. C'est la pression des doigts ou de la paume de la main qui lib\u00e8re les tensions du cuir chevelu et de la nuque.<\/p>\n<p style=\"text-align: left;\">\u00a0 \u00a0 \u00a0 \u00a0Ce soin stimule et lib\u00e8re les points d'\u00e9nergie selon le trajet des m\u00e9ridiens et des points d\u2019acupuncture. Le Shiatsu cr\u00e2nien favorise l'irrigation du cuir chevelu.<\/p>\n<p style=\"text-align: left;\">\u00a0 \u00a0 \u00a0 \u00a0Dur\u00e9e du soin: 15 ou 30 mn\u00a0<\/p>\n<\/p><\/div>\n<\/p><\/div>\n<p><!-- .dslc-module -->\n\t\t<\/div>\n<\/div>\n<\/div>\n<div  class=\"dslc-modules-section \" style=\"padding-bottom:0px;padding-top:0px;\" data-section-id=\"2d95c882e51\">\n<div class=\"dslc-modules-section-wrapper dslc-clearfix\">\n<style type=\"text\/css\" id=\"dslca-modules-area-\"><\/style>\n<div  class=\"dslc-modules-area dslc-col dslc-12-col dslc-last-col dslc-valign- \" data-size=\"12\" data-valign=\"\" data-modules-area-id=\"\" >\n<div id=\"dslc-module-0fe4d40b6fc\" class=\"dslc-module-front dslc-module-DSLC_Image dslc-in-viewport-check dslc-in-viewport-anim-none  dslc-col dslc-12-col dslc-last-col  dslc-module-handle-like-regular \" data-module-id=\"0fe4d40b6fc\" data-module=\"DSLC_Image\" data-dslc-module-size=\"12\" data-dslc-anim=\"none\" data-dslc-anim-delay=\"\" data-dslc-anim-duration=\"650\"  data-dslc-anim-easing=\"ease\" data-dslc-preset=\"none\" >\n<div class=\"dslc-image-container\">\n<div class=\"dslc-image\">\n<p>\t\t\t\t\t\t\t\t\t<img decoding=\"async\" src=\"http:\/\/tendancenatura.fr\/wp-content\/uploads\/2024\/10\/shiastu.jpg\" alt=\"\" title=\"\" srcset=\"http:\/\/tendancenatura.fr\/wp-content\/uploads\/2024\/10\/shiastu.jpg 549w, http:\/\/tendancenatura.fr\/wp-content\/uploads\/2024\/10\/shiastu-300x300.jpg 300w, http:\/\/tendancenatura.fr\/wp-content\/uploads\/2024\/10\/shiastu-150x150.jpg 150w, http:\/\/tendancenatura.fr\/wp-content\/uploads\/2024\/10\/shiastu-350x350.jpg 350w\" sizes=\"(max-width: 549px) 100vw, 549px\" \/><\/p><\/div>\n<p><!-- .dslc-image -->\n\t\t<\/div>\n<\/p><\/div>\n<p><!-- .dslc-module --><\/p>\n<div id=\"dslc-module-0f49c919d60\" class=\"dslc-module-front dslc-module-DSLC_Text_Simple dslc-in-viewport-check dslc-in-viewport-anim-none  dslc-col dslc-12-col dslc-last-col  dslc-module-handle-like-regular \" data-module-id=\"0f49c919d60\" data-module=\"DSLC_Text_Simple\" data-dslc-module-size=\"12\" data-dslc-anim=\"none\" data-dslc-anim-delay=\"\" data-dslc-anim-duration=\"650\"  data-dslc-anim-easing=\"ease\" data-dslc-preset=\"none\" >\n<div class=\"dslc-text-module-content\">\n<p>Le shiatsu cr\u00e2nien est particuli\u00e8rement efficace en cas de surcharge mentale, manque de sommeil, anxi\u00e9t\u00e9 ou maux de t\u00eate.<\/p>\n<p>Il apporte \u00e9galement un rel\u00e2chement des \u00e9paules et de la nuque, zone de lien entre la t\u00eate et le reste du corps et zone de pr\u00e9dilection des tensions dues au stress et aux postures de travail sur \u00e9cran !<\/p>\n<p>La stimulation des nombreux points d\u2019acupunture et zones r\u00e9flexes de la t\u00eate et du visage apporte une d\u00e9tente rapide de tout le corps, clarifie le mental, \u00e9veille la conscience et les sens.<\/p>\n<p>Utile pour \u00e9vacuer la pression en cas de stress intense ou entre 2\u00a0s\u00e9ances compl\u00e8tes, ce soin a en plus pour effet de d\u00e9tendre les traits du visage : un effet liftant naturel qui vous redonne aussi le sourire<\/p>\n<\/p><\/div>\n<\/p><\/div>\n<p><!-- .dslc-module -->\n\t\t<\/div>\n<\/div>\n<\/div>\n<\/div>\n<\/div>\n<\/div><\/div>","protected":false},"excerpt":{"rendered":"<p>Le massage Shiatsu du cuir chevelu Profitez de votre visite pour demander un soin relaxant du cuir chevelu \u00e0 base d'huiles essentielles \u00a0 \u00a0 \u00a0 \u00a0Savez vous que le massage capillaire Shiatsu est, avant tout, reconnu pour ses qualit\u00e9s apaisantes ? Il permet d\u2019\u00e9vacuer le stress et peut, dans certains &hellip;<\/p>\n","protected":false},"author":1,"featured_media":0,"parent":0,"menu_order":0,"comment_status":"closed","ping_status":"closed","template":"","meta":{"footnotes":""},"class_list":["post-37","page","type-page","status-publish","hentry"],"_links":{"self":[{"href":"http:\/\/tendancenatura.fr\/index.php?rest_route=\/wp\/v2\/pages\/37","targetHints":{"allow":["GET"]}}],"collection":[{"href":"http:\/\/tendancenatura.fr\/index.php?rest_route=\/wp\/v2\/pages"}],"about":[{"href":"http:\/\/tendancenatura.fr\/index.php?rest_route=\/wp\/v2\/types\/page"}],"author":[{"embeddable":true,"href":"http:\/\/tendancenatura.fr\/index.php?rest_route=\/wp\/v2\/users\/1"}],"replies":[{"embeddable":true,"href":"http:\/\/tendancenatura.fr\/index.php?rest_route=%2Fwp%2Fv2%2Fcomments&post=37"}],"version-history":[{"count":1,"href":"http:\/\/tendancenatura.fr\/index.php?rest_route=\/wp\/v2\/pages\/37\/revisions"}],"predecessor-version":[{"id":38,"href":"http:\/\/tendancenatura.fr\/index.php?rest_route=\/wp\/v2\/pages\/37\/revisions\/38"}],"wp:attachment":[{"href":"http:\/\/tendancenatura.fr\/index.php?rest_route=%2Fwp%2Fv2%2Fmedia&parent=37"}],"curies":[{"name":"wp","href":"https:\/\/api.w.org\/{rel}","templated":true}]}}