{"id":33,"date":"2024-10-09T18:12:08","date_gmt":"2024-10-09T16:12:08","guid":{"rendered":"http:\/\/tendancenatura.fr\/?page_id=33"},"modified":"2024-10-09T18:15:50","modified_gmt":"2024-10-09T16:15:50","slug":"coloration","status":"publish","type":"page","link":"http:\/\/tendancenatura.fr\/?page_id=33","title":{"rendered":"Coloration"},"content":{"rendered":"<div id=\"dslc-theme-content\"><div id=\"dslc-theme-content-inner\"><div id=\"dslc-content\" class=\"dslc-content dslc-clearfix\">\n<div id=\"dslc-main\">\n<div  class=\"dslc-modules-section \" style=\"\" data-section-id=\"13a716e8d04\">\n<div class=\"dslc-modules-section-wrapper dslc-clearfix\">\n<style type=\"text\/css\" id=\"dslca-modules-area-\"><\/style>\n<div  class=\"dslc-modules-area dslc-col dslc-12-col dslc-last-col dslc-valign- \" data-size=\"12\" data-valign=\"\" data-modules-area-id=\"\" >\n<div id=\"dslc-module-c802c32ec63\" class=\"dslc-module-front dslc-module-DSLC_Image dslc-in-viewport-check dslc-in-viewport-anim-none  dslc-col dslc-12-col dslc-last-col  dslc-module-handle-like-regular \" data-module-id=\"c802c32ec63\" data-module=\"DSLC_Image\" data-dslc-module-size=\"12\" data-dslc-anim=\"none\" data-dslc-anim-delay=\"\" data-dslc-anim-duration=\"650\"  data-dslc-anim-easing=\"ease\" data-dslc-preset=\"none\" >\n<div class=\"dslc-image-container\">\n<div class=\"dslc-image\">\n<p>\t\t\t\t\t\t\t\t\t<img decoding=\"async\" src=\"https:\/\/tendancenatura.fr\/wp-content\/uploads\/2024\/07\/color-vegetale-1-e1728676020347.jpg\" alt=\"\" title=\"\" srcset=\"https:\/\/tendancenatura.fr\/wp-content\/uploads\/2024\/07\/color-vegetale-1-e1728676020347.jpg 682w, https:\/\/tendancenatura.fr\/wp-content\/uploads\/2024\/07\/color-vegetale-1-e1728676020347-256x300.jpg 256w, https:\/\/tendancenatura.fr\/wp-content\/uploads\/2024\/07\/color-vegetale-1-e1728676020347-298x350.jpg 298w\" sizes=\"(max-width: 682px) 100vw, 682px\" \/><\/p><\/div>\n<p><!-- .dslc-image -->\n\t\t<\/div>\n<\/p><\/div>\n<p><!-- .dslc-module --><\/p>\n<div id=\"dslc-module-f32dfd55a09\" class=\"dslc-module-front dslc-module-DSLC_Text_Simple dslc-in-viewport-check dslc-in-viewport-anim-none  dslc-col dslc-12-col dslc-last-col  dslc-module-handle-like-regular \" data-module-id=\"f32dfd55a09\" data-module=\"DSLC_Text_Simple\" data-dslc-module-size=\"12\" data-dslc-anim=\"none\" data-dslc-anim-delay=\"\" data-dslc-anim-duration=\"650\"  data-dslc-anim-easing=\"ease\" data-dslc-preset=\"none\" >\n<div class=\"dslc-text-module-content\">\n<h2>les 12 avantages de la Couleur V\u00e9g\u00e9tale\u00a0<\/h2>\n<\/p><\/div>\n<\/p><\/div>\n<p><!-- .dslc-module --><\/p>\n<div id=\"dslc-module-44f903fcb11\" class=\"dslc-module-front dslc-module-DSLC_Text_Simple dslc-in-viewport-check dslc-in-viewport-anim-none  dslc-col dslc-12-col dslc-last-col  dslc-module-handle-like-regular \" data-module-id=\"44f903fcb11\" data-module=\"DSLC_Text_Simple\" data-dslc-module-size=\"12\" data-dslc-anim=\"none\" data-dslc-anim-delay=\"\" data-dslc-anim-duration=\"650\"  data-dslc-anim-easing=\"ease\" data-dslc-preset=\"none\" >\n<div class=\"dslc-text-module-content\">\n<p>1 - C'est un\u00a0<strong>produit naturel\u00a0<\/strong>\u00e0 base de plantes, racines, feuilles, \u00e9corces et \u00e9pices broy\u00e9es en une poudre ultra fine.<br \/>2 - Elle est d\u00e9pourvue de substances toxiques, respecte la fibre capillaire<br \/>3 - Elle est tr\u00e8s peu allergique<br \/>4 - Elle est conseill\u00e9e pour les cheveux tr\u00e8s fragilis\u00e9s ou endommag\u00e9s<br \/>5 - Elle est conseill\u00e9e aussi pour les personnes ayant subi des traitements de chimioth\u00e9rapie<br \/>6 - Elle conseill\u00e9e pour les\u00a0<strong>femmes enceintes<\/strong><br \/>7 - Elle cr\u00e9e une\u00a0<strong>gaine protectrice<\/strong>\u00a0autour du cheveu<br \/>8 - Elle couvre les cheveux blancs<br \/>9 - Les r\u00e9sultats sont toujours lumineux<br \/>10 - Elle se patine joliment dans le temps<br \/>11 - Elle apporte des reflets chatoyants cuivr\u00e9s ambr\u00e9s marron ou acajou<br \/>12 - Le cheveu est plus\u00a0<strong>vigoureux<\/strong>,\u00a0<strong>plus souple<\/strong><\/p>\n<\/p><\/div>\n<\/p><\/div>\n<p><!-- .dslc-module -->\n\t\t<\/div>\n<\/div>\n<\/div>\n<\/div>\n<\/div>\n<\/div><\/div>","protected":false},"excerpt":{"rendered":"<p>les 12 avantages de la Couleur V\u00e9g\u00e9tale\u00a0 1 - C'est un\u00a0produit naturel\u00a0\u00e0 base de plantes, racines, feuilles, \u00e9corces et \u00e9pices broy\u00e9es en une poudre ultra fine.2 - Elle est d\u00e9pourvue de substances toxiques, respecte la fibre capillaire3 - Elle est tr\u00e8s peu allergique4 - Elle est conseill\u00e9e pour les cheveux &hellip;<\/p>\n","protected":false},"author":1,"featured_media":0,"parent":0,"menu_order":0,"comment_status":"closed","ping_status":"closed","template":"","meta":{"footnotes":""},"class_list":["post-33","page","type-page","status-publish","hentry"],"_links":{"self":[{"href":"http:\/\/tendancenatura.fr\/index.php?rest_route=\/wp\/v2\/pages\/33","targetHints":{"allow":["GET"]}}],"collection":[{"href":"http:\/\/tendancenatura.fr\/index.php?rest_route=\/wp\/v2\/pages"}],"about":[{"href":"http:\/\/tendancenatura.fr\/index.php?rest_route=\/wp\/v2\/types\/page"}],"author":[{"embeddable":true,"href":"http:\/\/tendancenatura.fr\/index.php?rest_route=\/wp\/v2\/users\/1"}],"replies":[{"embeddable":true,"href":"http:\/\/tendancenatura.fr\/index.php?rest_route=%2Fwp%2Fv2%2Fcomments&post=33"}],"version-history":[{"count":1,"href":"http:\/\/tendancenatura.fr\/index.php?rest_route=\/wp\/v2\/pages\/33\/revisions"}],"predecessor-version":[{"id":34,"href":"http:\/\/tendancenatura.fr\/index.php?rest_route=\/wp\/v2\/pages\/33\/revisions\/34"}],"wp:attachment":[{"href":"http:\/\/tendancenatura.fr\/index.php?rest_route=%2Fwp%2Fv2%2Fmedia&parent=33"}],"curies":[{"name":"wp","href":"https:\/\/api.w.org\/{rel}","templated":true}]}}